{"id":262,"date":"2025-10-28T10:13:23","date_gmt":"2025-10-28T09:13:23","guid":{"rendered":"https:\/\/finida.click.si\/?page_id=262"},"modified":"2025-10-28T10:14:35","modified_gmt":"2025-10-28T09:14:35","slug":"piskotki","status":"publish","type":"page","link":"https:\/\/finida.si\/it\/piskotki\/","title":{"rendered":"I cookie"},"content":{"rendered":"<div data-elementor-type=\"wp-page\" data-elementor-id=\"262\" class=\"elementor elementor-262\" data-elementor-post-type=\"page\">\n\t\t\t\t<div class=\"elementor-element elementor-element-976bb45 e-flex e-con-boxed e-con e-parent\" data-id=\"976bb45\" data-element_type=\"container\" data-e-type=\"container\">\n\t\t\t\t\t<div class=\"e-con-inner\">\n\t\t\t\t<div class=\"elementor-element elementor-element-de00c07 elementor-widget elementor-widget-text-editor\" data-id=\"de00c07\" data-element_type=\"widget\" data-e-type=\"widget\" data-widget_type=\"text-editor.default\">\n\t\t\t\t\t\t\t\t\t<p class=\"translation-block\">I cookie sono molto importanti per garantire un'esperienza positiva ai visitatori del sito web. Ulteriori informazioni sui cookie sono disponibili all'indirizzo <span style=\"text-decoration: underline\"> <a href=\"https:\/\/www.allaboutcookies.org\/\" target=\"_self\">https:\/\/www.allaboutcookies.org\/<\/a><\/span>.<\/p><p>Nei siti web sono presenti i seguenti tipi di cookie:<\/p><ul><li>Za\u010dasni ali sejni pi\u0161kotki:<ul><li>so shranjeni za \u010das trajanja seje brskanja in se bri\u0161ejo s potekom seje<\/li><li>so obvezni za pravilno delovanje dolo\u010denih aplikacij oz. funkcionalnosti na spletnih straneh<\/li><\/ul><\/li><li>Trajni ali shranjeni pi\u0161kotki:<ul><li>se uporabljajo za izbolj\u0161anje uporabni\u0161kih izku\u0161enj<\/li><li>ostanejo v datoteki pi\u0161kotkov dalj\u0161e obdobje (odvisno od izbire, ki jo uporabnik izvede v nastavitvah svojega internetnega brskalnika)<\/li><\/ul><\/li><li>Lastni pi\u0161kotki:<ul><li>so lahko trajni ali za\u010dasni. Te pi\u0161kotki se uporabljajo za shranjevanje informacij, ki jih bo spletna stran znova uporabila, ko uporabnik naslednji\u010d obi\u0161\u010de to mesto;<\/li><\/ul><\/li><li>Drugi pi\u0161kotki:<ul><li>izvirajo od drugih, partnerskih spletnih mest (ki na primer merijo promet). Gre za zbiranje podatkov o uporabnikih iz razli\u010dnih spletnih mest in jih uporabljajo za razli\u010dne namene, od ogla\u0161evanja, analitike pa do izbolj\u0161ave svojih produktov.<\/li><\/ul><\/li><\/ul><p>Esiste inoltre la seguente suddivisione dei cookie:<\/p><ul><li>nujno potrebni pi\u0161kotki:<ul><li>omogo\u010dajo osnovne funkcije (navigacija po strani, dostop do varnih obmo\u010dij, zapomnitev uporabnikovih vnosov v spletne obrazce, nakupovalno ko\u0161arico)<\/li><li>se uporabljajo za prilagoditev nastavitev uporabnikovim \u017eeljam (na\u010din razvr\u0161\u010danja rezultatov\/vsebine)<\/li><li>tehni\u010dno brezhibno in nemoteno delovanje spletne strani je brez teh pi\u0161kotkov onemogo\u010deno<\/li><\/ul><\/li><li>pi\u0161kotki za statistiko:<ul><li>zbirajo podatke o tem, kako se spletna mesta uporabljajo. Namen je izbolj\u0161anje njihove privla\u010dnosti, vsebin in funkcionalnosti. Uporaba teh pi\u0161kotkov poteka samo z va\u0161o privolitvijo.<\/li><li>gre za Google Analytics \u2013 orodje za analizo spletnih strani (tekstovne datoteke se shranjujejo na obiskoval\u010devem ra\u010dunalniku in omogo\u010dajo analizo njegove uporabe spletne strani. Uporablja se za vrednotenje obiskoval\u010deve uporabe spletnega mesta, za sestavljanje poro\u010dil o aktivnostih na spletnih straneh in za nadaljnjo izvedbo storitev, povezanih z uporabo spletnih strani in interneta.<\/li><li>shranjevanje pi\u0161kotkov in evidentiranje podatkov, proizvedenih s pi\u0161kotki, in vezanih na uporabo spletnega mesta lahko uporabnik onemogo\u010di z ustreznimi nastavitvami svoje programske opreme brskalnika. V primeru izklopa lahko pride do tega, da obiskovalec ne bo mogel koristiti vseh funkcij tega spletnega mesta, u\u010dinkovitost spletne strani je lahko slab\u0161a. Svoje nastavitve lahko spremeni v brskalniku:\u00a0<a href=\"https:\/\/adssettings.google.com\/\">https:\/\/adssettings.google.com\/.<\/a><\/li><\/ul><\/li><\/ul><p>Per l'installazione dei cookie \u00e8 necessario il consenso dell'utente. Quando un sito web ha una relazione pi\u00f9 definita con l'utente (account utente, registrazione, profilo), l'ottenimento del consenso \u00e8 gi\u00e0 incluso nel processo di registrazione dell'utente.<\/p>\t\t\t\t\t\t\t\t<\/div>\n\t\t\t\t\t<\/div>\n\t\t\t\t<\/div>\n\t\t\t\t<\/div>","protected":false},"excerpt":{"rendered":"<p>Pi\u0161kotki so zelo pomembni za zagotavljanje pozitivne izku\u0161nje obiskovalca spletne strani. Ve\u010d informacij o pi\u0161kotkih lahko najdete na\u00a0https:\/\/www.allaboutcookies.org\/. Na spletnih straneh obstajajo naslednje vrste pi\u0161kotkov: Za\u010dasni ali sejni pi\u0161kotki: so shranjeni za \u010das trajanja seje brskanja in se bri\u0161ejo s potekom seje so obvezni za pravilno delovanje dolo\u010denih aplikacij oz. funkcionalnosti na spletnih straneh Trajni [&hellip;]<\/p>\n","protected":false},"author":1,"featured_media":0,"parent":0,"menu_order":0,"comment_status":"closed","ping_status":"closed","template":"","meta":{"inline_featured_image":false,"_monsterinsights_skip_tracking":false,"_monsterinsights_sitenote_active":false,"_monsterinsights_sitenote_note":"","_monsterinsights_sitenote_category":0,"footnotes":""},"class_list":["post-262","page","type-page","status-publish","hentry"],"aioseo_notices":[],"_links":{"self":[{"href":"https:\/\/finida.si\/it\/wp-json\/wp\/v2\/pages\/262","targetHints":{"allow":["GET"]}}],"collection":[{"href":"https:\/\/finida.si\/it\/wp-json\/wp\/v2\/pages"}],"about":[{"href":"https:\/\/finida.si\/it\/wp-json\/wp\/v2\/types\/page"}],"author":[{"embeddable":true,"href":"https:\/\/finida.si\/it\/wp-json\/wp\/v2\/users\/1"}],"replies":[{"embeddable":true,"href":"https:\/\/finida.si\/it\/wp-json\/wp\/v2\/comments?post=262"}],"version-history":[{"count":4,"href":"https:\/\/finida.si\/it\/wp-json\/wp\/v2\/pages\/262\/revisions"}],"predecessor-version":[{"id":266,"href":"https:\/\/finida.si\/it\/wp-json\/wp\/v2\/pages\/262\/revisions\/266"}],"wp:attachment":[{"href":"https:\/\/finida.si\/it\/wp-json\/wp\/v2\/media?parent=262"}],"curies":[{"name":"wp","href":"https:\/\/api.w.org\/{rel}","templated":true}]}}