{"id":257,"date":"2025-10-28T10:09:03","date_gmt":"2025-10-28T09:09:03","guid":{"rendered":"https:\/\/finida.click.si\/?page_id=257"},"modified":"2025-10-28T10:12:37","modified_gmt":"2025-10-28T09:12:37","slug":"pravno-obvestilo","status":"publish","type":"page","link":"https:\/\/finida.si\/it\/pravno-obvestilo\/","title":{"rendered":"Avviso"},"content":{"rendered":"<div data-elementor-type=\"wp-page\" data-elementor-id=\"257\" class=\"elementor elementor-257\" data-elementor-post-type=\"page\">\n\t\t\t\t<div class=\"elementor-element elementor-element-3b21c83 e-flex e-con-boxed e-con e-parent\" data-id=\"3b21c83\" data-element_type=\"container\" data-e-type=\"container\">\n\t\t\t\t\t<div class=\"e-con-inner\">\n\t\t\t\t<div class=\"elementor-element elementor-element-a93e15b elementor-widget elementor-widget-text-editor\" data-id=\"a93e15b\" data-element_type=\"widget\" data-e-type=\"widget\" data-widget_type=\"text-editor.default\">\n\t\t\t\t\t\t\t\t\t<p class=\"translation-block\">Oggetto della presente informativa sono i siti web all'indirizzo <a href=\"https:\/\/finida.si\/it\/\" target=\"_self\"><span style=\"text-decoration: underline\">https:\/\/finida.si<\/span><\/a>.<\/p><p>Tutti i contenuti di questi siti web sono di propriet\u00e0 di FINIDA d.o.o. (di seguito: FINIDA) e hanno solo scopo informativo.\u00a0<\/p><p>Noi di FINIDA abbiamo progettato il nostro sito web per fornire informazioni generali sull'azienda e notizie dal mondo degli affari.<\/p><p>Accedendo a qualsiasi area del sito web FINIDA, l'utente accetta tutte le restrizioni e le condizioni qui indicate. Se non le accetta, l'utente \u00e8 pregato di non accedere a queste pagine. Si consiglia di visitare il nostro sito e di consultare i termini di utilizzo vigenti, in quanto legalmente vincolanti.<\/p><p>Le informazioni ufficiali, legali e formali sulla societ\u00e0 e sulle sue attivit\u00e0 potrebbero differire dalle informazioni presenti sul sito web della societ\u00e0.<\/p><p>\u00a0<\/p><h4><strong>Limitazione di responsabilit\u00e0<\/strong><\/h4><p>FINIDA far\u00e0 del suo meglio per fornire le informazioni pi\u00f9 accurate e aggiornate sulle sue pagine, ma ricorda agli utenti dei siti web che i testi hanno natura informativa e pertanto non garantisce n\u00e9 si assume alcuna responsabilit\u00e0 per la loro accuratezza e completezza. Tutti i visitatori utilizzano i contenuti pubblicati a proprio rischio e pericolo. FINIDA si riserva il diritto di modificare, aggiungere o rimuovere i contenuti di questi siti web in qualsiasi momento e senza preavviso.<\/p><p>N\u00e9 FINIDA n\u00e9 alcuna altra persona fisica o giuridica che abbia partecipato alla creazione e alla produzione di questi siti web \u00e8 responsabile del malfunzionamento occasionale del sito web, di eventuali inesattezze delle informazioni, n\u00e9 di eventuali danni derivanti dall'uso di informazioni inesatte o incomplete, e pertanto non \u00e8 responsabile di eventuali danni o inconvenienti derivanti dall'esistenza dei siti web, dall'accesso e\/o dall'uso e\/o dall'impossibilit\u00e0 di utilizzare le informazioni su questi siti web e\/o da eventuali errori o carenze nel loro contenuto, indipendentemente dal fatto che siano stati informati della possibilit\u00e0 di tali danni.<\/p><p>Il sito web di FINIDA contiene anche link ad altri siti web, riferimenti e partner non affiliati a FINIDA. FINIDA non pu\u00f2 garantire, n\u00e9 riceve o inoltra reclami in merito all'accuratezza del contenuto di alcun sito web a cui fornisce un link o un riferimento, e non si assume alcuna responsabilit\u00e0 per la protezione dei dati su tali siti web.<\/p><h4>\u00a0<\/h4><h4><strong>Copyright<\/strong><\/h4><p>Tutte le informazioni e le immagini pubblicate sul sito web (testi, fotografie, schizzi, mappe e planimetrie, programmi per computer) sono protette dal diritto d'autore ai sensi della Legge sul diritto d'autore e sui diritti connessi (Gazzetta Ufficiale della Repubblica di Slovenia, n. 21\/1995, e successive modifiche). Possono essere utilizzate esclusivamente per scopi didattici e non commerciali, a condizione che vengano mantenute tutte le avvertenze relative al diritto d'autore o ad altri diritti e che non possano essere copiate, riprodotte o altrimenti distribuite a fini commerciali. FINIDA deve essere citata come fonte in ogni riproduzione (copia, riproduzione, pubblicazione, trasferimento).<\/p><p>FINIDA si riserva il diritto di modificare, aggiungere o rimuovere, in tutto o in parte, qualsiasi contenuto pubblicato su questo sito web in qualsiasi momento e in qualsiasi modo, per qualsiasi motivo e senza preavviso. Tutti gli utenti utilizzano tutti i contenuti pubblicati a proprio rischio e pericolo.<\/p><h4>\u00a0<\/h4><h4><strong>Tutela della privacy<\/strong><\/h4><p>FINIDA si impegna a proteggere la riservatezza dei dati personali degli utenti del sito web. Utilizzeremo i dati raccolti esclusivamente per migliorare l'utilizzo del sito web e per le finalit\u00e0 per cui gli utenti del sito web li forniscono. Non utilizzeremo i dati personali e le informazioni di contatto per altri scopi e non li divulgheremo a terzi senza l'esplicita autorizzazione dell'utente del sito web. Faremo tutto il possibile per proteggere i tuoi dati personali da eventuali violazioni e abusi.<\/p>\t\t\t\t\t\t\t\t<\/div>\n\t\t\t\t\t<\/div>\n\t\t\t\t<\/div>\n\t\t\t\t<\/div>","protected":false},"excerpt":{"rendered":"<p>Predmet tega obvestila so spletne strani na naslovu https:\/\/finida.si. Vse vsebine na teh spletnih straneh so last podjetja FINIDA d.o.o. (v nadaljevanju: FINIDA) in je informativne narave.\u00a0 V podjetju FINIDA smo na\u0161e spletno mesto oblikovali z namenom omogo\u010diti splo\u0161ne informacije o podjetju in novice s poslovnega sveta. Vstop v katerokoli podro\u010dje spletnega mesta FINIDA pomeni, [&hellip;]<\/p>\n","protected":false},"author":1,"featured_media":0,"parent":0,"menu_order":0,"comment_status":"closed","ping_status":"closed","template":"","meta":{"inline_featured_image":false,"_monsterinsights_skip_tracking":false,"_monsterinsights_sitenote_active":false,"_monsterinsights_sitenote_note":"","_monsterinsights_sitenote_category":0,"footnotes":""},"class_list":["post-257","page","type-page","status-publish","hentry"],"aioseo_notices":[],"_links":{"self":[{"href":"https:\/\/finida.si\/it\/wp-json\/wp\/v2\/pages\/257","targetHints":{"allow":["GET"]}}],"collection":[{"href":"https:\/\/finida.si\/it\/wp-json\/wp\/v2\/pages"}],"about":[{"href":"https:\/\/finida.si\/it\/wp-json\/wp\/v2\/types\/page"}],"author":[{"embeddable":true,"href":"https:\/\/finida.si\/it\/wp-json\/wp\/v2\/users\/1"}],"replies":[{"embeddable":true,"href":"https:\/\/finida.si\/it\/wp-json\/wp\/v2\/comments?post=257"}],"version-history":[{"count":4,"href":"https:\/\/finida.si\/it\/wp-json\/wp\/v2\/pages\/257\/revisions"}],"predecessor-version":[{"id":261,"href":"https:\/\/finida.si\/it\/wp-json\/wp\/v2\/pages\/257\/revisions\/261"}],"wp:attachment":[{"href":"https:\/\/finida.si\/it\/wp-json\/wp\/v2\/media?parent=257"}],"curies":[{"name":"wp","href":"https:\/\/api.w.org\/{rel}","templated":true}]}}